{"id":1203,"date":"2023-03-17T00:08:15","date_gmt":"2023-03-17T00:08:15","guid":{"rendered":"https:\/\/nazarenovalencia.es\/?p=1203"},"modified":"2023-03-24T00:46:30","modified_gmt":"2023-03-24T00:46:30","slug":"inscripcion-comida-parroquial-sabado-de-gloria-23","status":"publish","type":"page","link":"https:\/\/nazarenovalencia.es\/va\/inscripcion-comida-parroquial-sabado-de-gloria-23\/","title":{"rendered":"Inscripci\u00f3n Comida Parroquial S\u00e1bado de Gloria &#8217;23"},"content":{"rendered":"<p>El pr\u00f3ximo s\u00e1bado de Gloria (8 de Abril) se celebrar\u00e1 la jornada de convivencia de la Junta Parroquial de Santa Mar\u00eda del Mar con las tradicionales paellas. Os dejamos el formulario para inscribiros para la reserva de la raci\u00f3n. Este a\u00f1o, como novedad, se celebrar\u00e1n en el comedor del colegio La Purisima del Grao.<\/p>\n<p>&nbsp;<\/p>\n<p>El costo por persona y raci\u00f3n es de 4\u20ac, y 2\u20ac para la media raci\u00f3n. La fecha l\u00edmite para inscribirse es el Jueves Santo (6 de abril) a las 23:59. Si deseas inscribirte, simplemente completa el formulario que encontrar\u00e1s debajo de este texto, indicando las raciones y para qu\u00e9 persona son.<\/p>\n<p>&nbsp;<\/p>\n<p>&nbsp;<br \/>\n<iframe loading=\"lazy\" src=\"https:\/\/docs.google.com\/forms\/d\/e\/1FAIpQLSfnv-vW-8AtaOkLkPi9CiAQY8gWXe3c6iMW02ruzKAF_-iv6A\/viewform?embedded=true\" width=\"640\" height=\"970\" frameborder=\"0\" marginheight=\"0\" marginwidth=\"0\">Cargando\u2026<\/iframe><br \/>\n&nbsp;<\/p>\n<p>&nbsp;<\/p>","protected":false},"excerpt":{"rendered":"<p>El pr\u00f3ximo s\u00e1bado de Gloria (8 de Abril) se celebrar\u00e1 la jornada de convivencia de la Junta Parroquial de Santa Mar\u00eda del Mar con las tradicionales paellas. Os dejamos el formulario para inscribiros para la reserva de la raci\u00f3n. Este a\u00f1o, como novedad, se celebrar\u00e1n en el comedor del colegio La Purisima del Grao. &nbsp; [&hellip;]<\/p>\n","protected":false},"author":1,"featured_media":1204,"parent":0,"menu_order":0,"comment_status":"closed","ping_status":"closed","template":"","meta":{"footnotes":""},"class_list":["post-1203","page","type-page","status-publish","has-post-thumbnail","hentry","post","post-with-thumbnail","post-with-thumbnail-large"],"yoast_head":"<!-- This site is optimized with the Yoast SEO plugin v27.2 - https:\/\/yoast.com\/product\/yoast-seo-wordpress\/ -->\n<title>Inscripci\u00f3n Comida Parroquial S\u00e1bado de Gloria &#039;23 - Real Hermandad de Nuestro Padre Jes\u00fas Nazareno \u00b7 Val\u00e8ncia<\/title>\n<meta name=\"robots\" content=\"index, follow, max-snippet:-1, max-image-preview:large, max-video-preview:-1\" \/>\n<link rel=\"canonical\" href=\"https:\/\/nazarenovalencia.es\/va\/inscripcion-comida-parroquial-sabado-de-gloria-23\/\" \/>\n<meta property=\"og:locale\" content=\"en_US\" \/>\n<meta property=\"og:type\" content=\"article\" \/>\n<meta property=\"og:title\" content=\"Inscripci\u00f3n Comida Parroquial S\u00e1bado de Gloria &#039;23 - Real Hermandad de Nuestro Padre Jes\u00fas Nazareno \u00b7 Val\u00e8ncia\" \/>\n<meta property=\"og:description\" content=\"El pr\u00f3ximo s\u00e1bado de Gloria (8 de Abril) se celebrar\u00e1 la jornada de convivencia de la Junta Parroquial de Santa Mar\u00eda del Mar con las tradicionales paellas. Os dejamos el formulario para inscribiros para la reserva de la raci\u00f3n. Este a\u00f1o, como novedad, se celebrar\u00e1n en el comedor del colegio La Purisima del Grao. &nbsp; [&hellip;]\" \/>\n<meta property=\"og:url\" content=\"https:\/\/nazarenovalencia.es\/va\/inscripcion-comida-parroquial-sabado-de-gloria-23\/\" \/>\n<meta property=\"og:site_name\" content=\"Real Hermandad de Nuestro Padre Jes\u00fas Nazareno \u00b7 Val\u00e8ncia\" \/>\n<meta property=\"article:publisher\" content=\"https:\/\/www.facebook.com\/valencia.hermandadnazareno\" \/>\n<meta property=\"article:modified_time\" content=\"2023-03-24T00:46:30+00:00\" \/>\n<meta property=\"og:image\" content=\"https:\/\/nazarenovalencia.es\/wp-content\/uploads\/2023\/03\/paella-valenciana-tradicional.jpg\" \/>\n\t<meta property=\"og:image:width\" content=\"1200\" \/>\n\t<meta property=\"og:image:height\" content=\"800\" \/>\n\t<meta property=\"og:image:type\" content=\"image\/jpeg\" \/>\n<meta name=\"twitter:card\" content=\"summary_large_image\" \/>\n<meta name=\"twitter:site\" content=\"@nazarenograo\" \/>\n<meta name=\"twitter:label1\" content=\"Est. reading time\" \/>\n\t<meta name=\"twitter:data1\" content=\"1 minute\" \/>\n<script type=\"application\/ld+json\" class=\"yoast-schema-graph\">{\"@context\":\"https:\/\/schema.org\",\"@graph\":[{\"@type\":\"WebPage\",\"@id\":\"https:\/\/nazarenovalencia.es\/inscripcion-comida-parroquial-sabado-de-gloria-23\/\",\"url\":\"https:\/\/nazarenovalencia.es\/inscripcion-comida-parroquial-sabado-de-gloria-23\/\",\"name\":\"Inscripci\u00f3n Comida Parroquial S\u00e1bado de Gloria '23 - Real Hermandad de Nuestro Padre Jes\u00fas Nazareno \u00b7 Val\u00e8ncia\",\"isPartOf\":{\"@id\":\"https:\/\/nazarenovalencia.es\/#website\"},\"primaryImageOfPage\":{\"@id\":\"https:\/\/nazarenovalencia.es\/inscripcion-comida-parroquial-sabado-de-gloria-23\/#primaryimage\"},\"image\":{\"@id\":\"https:\/\/nazarenovalencia.es\/inscripcion-comida-parroquial-sabado-de-gloria-23\/#primaryimage\"},\"thumbnailUrl\":\"https:\/\/nazarenovalencia.es\/wp-content\/uploads\/2023\/03\/paella-valenciana-tradicional.jpg\",\"datePublished\":\"2023-03-17T00:08:15+00:00\",\"dateModified\":\"2023-03-24T00:46:30+00:00\",\"inLanguage\":\"va\",\"potentialAction\":[{\"@type\":\"ReadAction\",\"target\":[\"https:\/\/nazarenovalencia.es\/inscripcion-comida-parroquial-sabado-de-gloria-23\/\"]}]},{\"@type\":\"ImageObject\",\"inLanguage\":\"va\",\"@id\":\"https:\/\/nazarenovalencia.es\/inscripcion-comida-parroquial-sabado-de-gloria-23\/#primaryimage\",\"url\":\"https:\/\/nazarenovalencia.es\/wp-content\/uploads\/2023\/03\/paella-valenciana-tradicional.jpg\",\"contentUrl\":\"https:\/\/nazarenovalencia.es\/wp-content\/uploads\/2023\/03\/paella-valenciana-tradicional.jpg\",\"width\":1200,\"height\":800},{\"@type\":\"WebSite\",\"@id\":\"https:\/\/nazarenovalencia.es\/#website\",\"url\":\"https:\/\/nazarenovalencia.es\/\",\"name\":\"Real Hermandad de Nuestro Padre Jes\u00fas Nazareno \u00b7 Val\u00e8ncia\",\"description\":\"Sitio web oficial de la Real Hermandad de Nuestro Padre Jes\u00fas Nazareno. Hermandad perteneciente a la Semana Santa Marinera de Val\u00e8ncia. Parroquia Santa Mar\u00eda del Mar. Grau \u00b7 Poblats Mar\u00edtims\",\"publisher\":{\"@id\":\"https:\/\/nazarenovalencia.es\/#organization\"},\"potentialAction\":[{\"@type\":\"SearchAction\",\"target\":{\"@type\":\"EntryPoint\",\"urlTemplate\":\"https:\/\/nazarenovalencia.es\/?s={search_term_string}\"},\"query-input\":{\"@type\":\"PropertyValueSpecification\",\"valueRequired\":true,\"valueName\":\"search_term_string\"}}],\"inLanguage\":\"va\"},{\"@type\":\"Organization\",\"@id\":\"https:\/\/nazarenovalencia.es\/#organization\",\"name\":\"Real Hermandad de Nuestro Padre Jes\u00fas Nazareno\",\"url\":\"https:\/\/nazarenovalencia.es\/\",\"logo\":{\"@type\":\"ImageObject\",\"inLanguage\":\"va\",\"@id\":\"https:\/\/nazarenovalencia.es\/#\/schema\/logo\/image\/\",\"url\":\"https:\/\/nazarenovalencia.es\/wp-content\/uploads\/2022\/01\/logo-hermandad-sevilla.png\",\"contentUrl\":\"https:\/\/nazarenovalencia.es\/wp-content\/uploads\/2022\/01\/logo-hermandad-sevilla.png\",\"width\":1920,\"height\":1080,\"caption\":\"Real Hermandad de Nuestro Padre Jes\u00fas Nazareno\"},\"image\":{\"@id\":\"https:\/\/nazarenovalencia.es\/#\/schema\/logo\/image\/\"},\"sameAs\":[\"https:\/\/www.facebook.com\/valencia.hermandadnazareno\",\"https:\/\/x.com\/nazarenograo\",\"https:\/\/www.instagram.com\/nazarenovalencia\/\",\"https:\/\/www.youtube.com\/user\/nazarenovalencia\"]}]}<\/script>\n<!-- \/ Yoast SEO plugin. -->","yoast_head_json":{"title":"Inscripci\u00f3n Comida Parroquial S\u00e1bado de Gloria '23 - Real Hermandad de Nuestro Padre Jes\u00fas Nazareno \u00b7 Val\u00e8ncia","robots":{"index":"index","follow":"follow","max-snippet":"max-snippet:-1","max-image-preview":"max-image-preview:large","max-video-preview":"max-video-preview:-1"},"canonical":"https:\/\/nazarenovalencia.es\/va\/inscripcion-comida-parroquial-sabado-de-gloria-23\/","og_locale":"en_US","og_type":"article","og_title":"Inscripci\u00f3n Comida Parroquial S\u00e1bado de Gloria '23 - Real Hermandad de Nuestro Padre Jes\u00fas Nazareno \u00b7 Val\u00e8ncia","og_description":"El pr\u00f3ximo s\u00e1bado de Gloria (8 de Abril) se celebrar\u00e1 la jornada de convivencia de la Junta Parroquial de Santa Mar\u00eda del Mar con las tradicionales paellas. Os dejamos el formulario para inscribiros para la reserva de la raci\u00f3n. Este a\u00f1o, como novedad, se celebrar\u00e1n en el comedor del colegio La Purisima del Grao. &nbsp; [&hellip;]","og_url":"https:\/\/nazarenovalencia.es\/va\/inscripcion-comida-parroquial-sabado-de-gloria-23\/","og_site_name":"Real Hermandad de Nuestro Padre Jes\u00fas Nazareno \u00b7 Val\u00e8ncia","article_publisher":"https:\/\/www.facebook.com\/valencia.hermandadnazareno","article_modified_time":"2023-03-24T00:46:30+00:00","og_image":[{"width":1200,"height":800,"url":"https:\/\/nazarenovalencia.es\/wp-content\/uploads\/2023\/03\/paella-valenciana-tradicional.jpg","type":"image\/jpeg"}],"twitter_card":"summary_large_image","twitter_site":"@nazarenograo","twitter_misc":{"Est. reading time":"1 minute"},"schema":{"@context":"https:\/\/schema.org","@graph":[{"@type":"WebPage","@id":"https:\/\/nazarenovalencia.es\/inscripcion-comida-parroquial-sabado-de-gloria-23\/","url":"https:\/\/nazarenovalencia.es\/inscripcion-comida-parroquial-sabado-de-gloria-23\/","name":"Inscripci\u00f3n Comida Parroquial S\u00e1bado de Gloria '23 - Real Hermandad de Nuestro Padre Jes\u00fas Nazareno \u00b7 Val\u00e8ncia","isPartOf":{"@id":"https:\/\/nazarenovalencia.es\/#website"},"primaryImageOfPage":{"@id":"https:\/\/nazarenovalencia.es\/inscripcion-comida-parroquial-sabado-de-gloria-23\/#primaryimage"},"image":{"@id":"https:\/\/nazarenovalencia.es\/inscripcion-comida-parroquial-sabado-de-gloria-23\/#primaryimage"},"thumbnailUrl":"https:\/\/nazarenovalencia.es\/wp-content\/uploads\/2023\/03\/paella-valenciana-tradicional.jpg","datePublished":"2023-03-17T00:08:15+00:00","dateModified":"2023-03-24T00:46:30+00:00","inLanguage":"va","potentialAction":[{"@type":"ReadAction","target":["https:\/\/nazarenovalencia.es\/inscripcion-comida-parroquial-sabado-de-gloria-23\/"]}]},{"@type":"ImageObject","inLanguage":"va","@id":"https:\/\/nazarenovalencia.es\/inscripcion-comida-parroquial-sabado-de-gloria-23\/#primaryimage","url":"https:\/\/nazarenovalencia.es\/wp-content\/uploads\/2023\/03\/paella-valenciana-tradicional.jpg","contentUrl":"https:\/\/nazarenovalencia.es\/wp-content\/uploads\/2023\/03\/paella-valenciana-tradicional.jpg","width":1200,"height":800},{"@type":"WebSite","@id":"https:\/\/nazarenovalencia.es\/#website","url":"https:\/\/nazarenovalencia.es\/","name":"Real Hermandad de Nuestro Padre Jes\u00fas Nazareno \u00b7 Val\u00e8ncia","description":"Sitio web oficial de la Real Hermandad de Nuestro Padre Jes\u00fas Nazareno. Hermandad perteneciente a la Semana Santa Marinera de Val\u00e8ncia. Parroquia Santa Mar\u00eda del Mar. Grau \u00b7 Poblats Mar\u00edtims","publisher":{"@id":"https:\/\/nazarenovalencia.es\/#organization"},"potentialAction":[{"@type":"SearchAction","target":{"@type":"EntryPoint","urlTemplate":"https:\/\/nazarenovalencia.es\/?s={search_term_string}"},"query-input":{"@type":"PropertyValueSpecification","valueRequired":true,"valueName":"search_term_string"}}],"inLanguage":"va"},{"@type":"Organization","@id":"https:\/\/nazarenovalencia.es\/#organization","name":"Real Hermandad de Nuestro Padre Jes\u00fas Nazareno","url":"https:\/\/nazarenovalencia.es\/","logo":{"@type":"ImageObject","inLanguage":"va","@id":"https:\/\/nazarenovalencia.es\/#\/schema\/logo\/image\/","url":"https:\/\/nazarenovalencia.es\/wp-content\/uploads\/2022\/01\/logo-hermandad-sevilla.png","contentUrl":"https:\/\/nazarenovalencia.es\/wp-content\/uploads\/2022\/01\/logo-hermandad-sevilla.png","width":1920,"height":1080,"caption":"Real Hermandad de Nuestro Padre Jes\u00fas Nazareno"},"image":{"@id":"https:\/\/nazarenovalencia.es\/#\/schema\/logo\/image\/"},"sameAs":["https:\/\/www.facebook.com\/valencia.hermandadnazareno","https:\/\/x.com\/nazarenograo","https:\/\/www.instagram.com\/nazarenovalencia\/","https:\/\/www.youtube.com\/user\/nazarenovalencia"]}]}},"_links":{"self":[{"href":"https:\/\/nazarenovalencia.es\/va\/wp-json\/wp\/v2\/pages\/1203","targetHints":{"allow":["GET"]}}],"collection":[{"href":"https:\/\/nazarenovalencia.es\/va\/wp-json\/wp\/v2\/pages"}],"about":[{"href":"https:\/\/nazarenovalencia.es\/va\/wp-json\/wp\/v2\/types\/page"}],"author":[{"embeddable":true,"href":"https:\/\/nazarenovalencia.es\/va\/wp-json\/wp\/v2\/users\/1"}],"replies":[{"embeddable":true,"href":"https:\/\/nazarenovalencia.es\/va\/wp-json\/wp\/v2\/comments?post=1203"}],"version-history":[{"count":0,"href":"https:\/\/nazarenovalencia.es\/va\/wp-json\/wp\/v2\/pages\/1203\/revisions"}],"wp:featuredmedia":[{"embeddable":true,"href":"https:\/\/nazarenovalencia.es\/va\/wp-json\/wp\/v2\/media\/1204"}],"wp:attachment":[{"href":"https:\/\/nazarenovalencia.es\/va\/wp-json\/wp\/v2\/media?parent=1203"}],"curies":[{"name":"wp","href":"https:\/\/api.w.org\/{rel}","templated":true}]}}