{"id":1207,"date":"2023-03-20T12:23:20","date_gmt":"2023-03-20T12:23:20","guid":{"rendered":"https:\/\/nazarenovalencia.es\/?page_id=1207"},"modified":"2023-03-24T00:54:43","modified_gmt":"2023-03-24T00:54:43","slug":"inscripcion-cena-jueves-santo","status":"publish","type":"page","link":"https:\/\/nazarenovalencia.es\/va\/inscripcion-cena-jueves-santo\/","title":{"rendered":"Inscripci\u00f3n Cena Jueves Santo"},"content":{"rendered":"<p>Se abre la inscripci\u00f3n para la cena del Jueves Santo que tendr\u00e1 lugar en nuestro local social, justo despu\u00e9s de la visita a los santos monumentos.<\/p>\n<p>Tenemos varias opciones deliciosas para satisfacer todos los gustos y apetitos. Como en a\u00f1os anteriores, las opciones son:<\/p>\n<ul>\n<li>Pepito de Titaina<\/li>\n<li>Bocadillo de Tortilla de Patatas<\/li>\n<li>Bocadillo de At\u00fan con olivas<\/li>\n<li>Bocadillo &#8216;Mal\u00e9fica&#8217; (Berenjena, Cebolla y Champi\u00f1\u00f3n a la plancha con tomate restregado)<\/li>\n<li>Bocadillo Titelles (Berenjena y Pimiento Rojo asado con at\u00fan y huevo duro)<\/li>\n<\/ul>\n<p>La fecha l\u00edmite de inscripci\u00f3n ser\u00e1 el Lunes Santo (3 de Abril) a las 23:59<\/p>\n<p>&nbsp;<br \/>\n\u00a1No esperes m\u00e1s para inscribirte! Llena el formulario de inscripci\u00f3n para asegurarte de que tu bocadillo favorito est\u00e9 disponible en la cena del Jueves Santo. \u00a1Te esperamos en nuestro local social para disfrutar de una cena deliciosa despu\u00e9s de la visita a los santos monumentos!<br \/>\n&nbsp;<\/p>\n<p><iframe loading=\"lazy\" src=\"https:\/\/docs.google.com\/forms\/d\/e\/1FAIpQLScKDtNMVIEZxV5EneAx4fgsivAHUPPzv6RZwfoYaItQFi8HTA\/viewform?embedded=true\" width=\"640\" height=\"1572\" frameborder=\"0\" marginheight=\"0\" marginwidth=\"0\">Cargando\u2026<\/iframe><\/p>","protected":false},"excerpt":{"rendered":"<p>Se abre la inscripci\u00f3n para la cena del Jueves Santo que tendr\u00e1 lugar en nuestro local social, justo despu\u00e9s de la visita a los santos monumentos. Tenemos varias opciones deliciosas para satisfacer todos los gustos y apetitos. Como en a\u00f1os anteriores, las opciones son: Pepito de Titaina Bocadillo de Tortilla de Patatas Bocadillo de At\u00fan [&hellip;]<\/p>\n","protected":false},"author":1,"featured_media":0,"parent":0,"menu_order":0,"comment_status":"closed","ping_status":"closed","template":"","meta":{"footnotes":""},"class_list":["post-1207","page","type-page","status-publish","hentry","post"],"yoast_head":"<!-- This site is optimized with the Yoast SEO plugin v27.2 - https:\/\/yoast.com\/product\/yoast-seo-wordpress\/ -->\n<title>Inscripci\u00f3n Cena Jueves Santo - Real Hermandad de Nuestro Padre Jes\u00fas Nazareno \u00b7 Val\u00e8ncia<\/title>\n<meta name=\"robots\" content=\"index, follow, max-snippet:-1, max-image-preview:large, max-video-preview:-1\" \/>\n<link rel=\"canonical\" href=\"https:\/\/nazarenovalencia.es\/va\/inscripcion-cena-jueves-santo\/\" \/>\n<meta property=\"og:locale\" content=\"en_US\" \/>\n<meta property=\"og:type\" content=\"article\" \/>\n<meta property=\"og:title\" content=\"Inscripci\u00f3n Cena Jueves Santo - Real Hermandad de Nuestro Padre Jes\u00fas Nazareno \u00b7 Val\u00e8ncia\" \/>\n<meta property=\"og:description\" content=\"Se abre la inscripci\u00f3n para la cena del Jueves Santo que tendr\u00e1 lugar en nuestro local social, justo despu\u00e9s de la visita a los santos monumentos. Tenemos varias opciones deliciosas para satisfacer todos los gustos y apetitos. Como en a\u00f1os anteriores, las opciones son: Pepito de Titaina Bocadillo de Tortilla de Patatas Bocadillo de At\u00fan [&hellip;]\" \/>\n<meta property=\"og:url\" content=\"https:\/\/nazarenovalencia.es\/va\/inscripcion-cena-jueves-santo\/\" \/>\n<meta property=\"og:site_name\" content=\"Real Hermandad de Nuestro Padre Jes\u00fas Nazareno \u00b7 Val\u00e8ncia\" \/>\n<meta property=\"article:publisher\" content=\"https:\/\/www.facebook.com\/valencia.hermandadnazareno\" \/>\n<meta property=\"article:modified_time\" content=\"2023-03-24T00:54:43+00:00\" \/>\n<meta name=\"twitter:card\" content=\"summary_large_image\" \/>\n<meta name=\"twitter:site\" content=\"@nazarenograo\" \/>\n<meta name=\"twitter:label1\" content=\"Est. reading time\" \/>\n\t<meta name=\"twitter:data1\" content=\"1 minute\" \/>\n<script type=\"application\/ld+json\" class=\"yoast-schema-graph\">{\"@context\":\"https:\/\/schema.org\",\"@graph\":[{\"@type\":\"WebPage\",\"@id\":\"https:\/\/nazarenovalencia.es\/inscripcion-cena-jueves-santo\/\",\"url\":\"https:\/\/nazarenovalencia.es\/inscripcion-cena-jueves-santo\/\",\"name\":\"Inscripci\u00f3n Cena Jueves Santo - Real Hermandad de Nuestro Padre Jes\u00fas Nazareno \u00b7 Val\u00e8ncia\",\"isPartOf\":{\"@id\":\"https:\/\/nazarenovalencia.es\/#website\"},\"datePublished\":\"2023-03-20T12:23:20+00:00\",\"dateModified\":\"2023-03-24T00:54:43+00:00\",\"inLanguage\":\"va\",\"potentialAction\":[{\"@type\":\"ReadAction\",\"target\":[\"https:\/\/nazarenovalencia.es\/inscripcion-cena-jueves-santo\/\"]}]},{\"@type\":\"WebSite\",\"@id\":\"https:\/\/nazarenovalencia.es\/#website\",\"url\":\"https:\/\/nazarenovalencia.es\/\",\"name\":\"Real Hermandad de Nuestro Padre Jes\u00fas Nazareno \u00b7 Val\u00e8ncia\",\"description\":\"Sitio web oficial de la Real Hermandad de Nuestro Padre Jes\u00fas Nazareno. Hermandad perteneciente a la Semana Santa Marinera de Val\u00e8ncia. Parroquia Santa Mar\u00eda del Mar. Grau \u00b7 Poblats Mar\u00edtims\",\"publisher\":{\"@id\":\"https:\/\/nazarenovalencia.es\/#organization\"},\"potentialAction\":[{\"@type\":\"SearchAction\",\"target\":{\"@type\":\"EntryPoint\",\"urlTemplate\":\"https:\/\/nazarenovalencia.es\/?s={search_term_string}\"},\"query-input\":{\"@type\":\"PropertyValueSpecification\",\"valueRequired\":true,\"valueName\":\"search_term_string\"}}],\"inLanguage\":\"va\"},{\"@type\":\"Organization\",\"@id\":\"https:\/\/nazarenovalencia.es\/#organization\",\"name\":\"Real Hermandad de Nuestro Padre Jes\u00fas Nazareno\",\"url\":\"https:\/\/nazarenovalencia.es\/\",\"logo\":{\"@type\":\"ImageObject\",\"inLanguage\":\"va\",\"@id\":\"https:\/\/nazarenovalencia.es\/#\/schema\/logo\/image\/\",\"url\":\"https:\/\/nazarenovalencia.es\/wp-content\/uploads\/2022\/01\/logo-hermandad-sevilla.png\",\"contentUrl\":\"https:\/\/nazarenovalencia.es\/wp-content\/uploads\/2022\/01\/logo-hermandad-sevilla.png\",\"width\":1920,\"height\":1080,\"caption\":\"Real Hermandad de Nuestro Padre Jes\u00fas Nazareno\"},\"image\":{\"@id\":\"https:\/\/nazarenovalencia.es\/#\/schema\/logo\/image\/\"},\"sameAs\":[\"https:\/\/www.facebook.com\/valencia.hermandadnazareno\",\"https:\/\/x.com\/nazarenograo\",\"https:\/\/www.instagram.com\/nazarenovalencia\/\",\"https:\/\/www.youtube.com\/user\/nazarenovalencia\"]}]}<\/script>\n<!-- \/ Yoast SEO plugin. -->","yoast_head_json":{"title":"Inscripci\u00f3n Cena Jueves Santo - Real Hermandad de Nuestro Padre Jes\u00fas Nazareno \u00b7 Val\u00e8ncia","robots":{"index":"index","follow":"follow","max-snippet":"max-snippet:-1","max-image-preview":"max-image-preview:large","max-video-preview":"max-video-preview:-1"},"canonical":"https:\/\/nazarenovalencia.es\/va\/inscripcion-cena-jueves-santo\/","og_locale":"en_US","og_type":"article","og_title":"Inscripci\u00f3n Cena Jueves Santo - Real Hermandad de Nuestro Padre Jes\u00fas Nazareno \u00b7 Val\u00e8ncia","og_description":"Se abre la inscripci\u00f3n para la cena del Jueves Santo que tendr\u00e1 lugar en nuestro local social, justo despu\u00e9s de la visita a los santos monumentos. Tenemos varias opciones deliciosas para satisfacer todos los gustos y apetitos. Como en a\u00f1os anteriores, las opciones son: Pepito de Titaina Bocadillo de Tortilla de Patatas Bocadillo de At\u00fan [&hellip;]","og_url":"https:\/\/nazarenovalencia.es\/va\/inscripcion-cena-jueves-santo\/","og_site_name":"Real Hermandad de Nuestro Padre Jes\u00fas Nazareno \u00b7 Val\u00e8ncia","article_publisher":"https:\/\/www.facebook.com\/valencia.hermandadnazareno","article_modified_time":"2023-03-24T00:54:43+00:00","twitter_card":"summary_large_image","twitter_site":"@nazarenograo","twitter_misc":{"Est. reading time":"1 minute"},"schema":{"@context":"https:\/\/schema.org","@graph":[{"@type":"WebPage","@id":"https:\/\/nazarenovalencia.es\/inscripcion-cena-jueves-santo\/","url":"https:\/\/nazarenovalencia.es\/inscripcion-cena-jueves-santo\/","name":"Inscripci\u00f3n Cena Jueves Santo - Real Hermandad de Nuestro Padre Jes\u00fas Nazareno \u00b7 Val\u00e8ncia","isPartOf":{"@id":"https:\/\/nazarenovalencia.es\/#website"},"datePublished":"2023-03-20T12:23:20+00:00","dateModified":"2023-03-24T00:54:43+00:00","inLanguage":"va","potentialAction":[{"@type":"ReadAction","target":["https:\/\/nazarenovalencia.es\/inscripcion-cena-jueves-santo\/"]}]},{"@type":"WebSite","@id":"https:\/\/nazarenovalencia.es\/#website","url":"https:\/\/nazarenovalencia.es\/","name":"Real Hermandad de Nuestro Padre Jes\u00fas Nazareno \u00b7 Val\u00e8ncia","description":"Sitio web oficial de la Real Hermandad de Nuestro Padre Jes\u00fas Nazareno. Hermandad perteneciente a la Semana Santa Marinera de Val\u00e8ncia. Parroquia Santa Mar\u00eda del Mar. Grau \u00b7 Poblats Mar\u00edtims","publisher":{"@id":"https:\/\/nazarenovalencia.es\/#organization"},"potentialAction":[{"@type":"SearchAction","target":{"@type":"EntryPoint","urlTemplate":"https:\/\/nazarenovalencia.es\/?s={search_term_string}"},"query-input":{"@type":"PropertyValueSpecification","valueRequired":true,"valueName":"search_term_string"}}],"inLanguage":"va"},{"@type":"Organization","@id":"https:\/\/nazarenovalencia.es\/#organization","name":"Real Hermandad de Nuestro Padre Jes\u00fas Nazareno","url":"https:\/\/nazarenovalencia.es\/","logo":{"@type":"ImageObject","inLanguage":"va","@id":"https:\/\/nazarenovalencia.es\/#\/schema\/logo\/image\/","url":"https:\/\/nazarenovalencia.es\/wp-content\/uploads\/2022\/01\/logo-hermandad-sevilla.png","contentUrl":"https:\/\/nazarenovalencia.es\/wp-content\/uploads\/2022\/01\/logo-hermandad-sevilla.png","width":1920,"height":1080,"caption":"Real Hermandad de Nuestro Padre Jes\u00fas Nazareno"},"image":{"@id":"https:\/\/nazarenovalencia.es\/#\/schema\/logo\/image\/"},"sameAs":["https:\/\/www.facebook.com\/valencia.hermandadnazareno","https:\/\/x.com\/nazarenograo","https:\/\/www.instagram.com\/nazarenovalencia\/","https:\/\/www.youtube.com\/user\/nazarenovalencia"]}]}},"_links":{"self":[{"href":"https:\/\/nazarenovalencia.es\/va\/wp-json\/wp\/v2\/pages\/1207","targetHints":{"allow":["GET"]}}],"collection":[{"href":"https:\/\/nazarenovalencia.es\/va\/wp-json\/wp\/v2\/pages"}],"about":[{"href":"https:\/\/nazarenovalencia.es\/va\/wp-json\/wp\/v2\/types\/page"}],"author":[{"embeddable":true,"href":"https:\/\/nazarenovalencia.es\/va\/wp-json\/wp\/v2\/users\/1"}],"replies":[{"embeddable":true,"href":"https:\/\/nazarenovalencia.es\/va\/wp-json\/wp\/v2\/comments?post=1207"}],"version-history":[{"count":0,"href":"https:\/\/nazarenovalencia.es\/va\/wp-json\/wp\/v2\/pages\/1207\/revisions"}],"wp:attachment":[{"href":"https:\/\/nazarenovalencia.es\/va\/wp-json\/wp\/v2\/media?parent=1207"}],"curies":[{"name":"wp","href":"https:\/\/api.w.org\/{rel}","templated":true}]}}