{"id":878,"date":"2022-02-24T12:35:29","date_gmt":"2022-02-24T12:35:29","guid":{"rendered":"https:\/\/nazarenovalencia.es\/eventos\/etiquetas\/"},"modified":"2022-02-24T12:35:29","modified_gmt":"2022-02-24T12:35:29","slug":"etiquetas","status":"publish","type":"page","link":"https:\/\/nazarenovalencia.es\/va\/eventos\/etiquetas\/","title":{"rendered":"Etiquetas"},"content":{"rendered":"<p>CONTENTS<\/p>","protected":false},"excerpt":{"rendered":"<p>CONTENTS<\/p>","protected":false},"author":1,"featured_media":0,"parent":875,"menu_order":0,"comment_status":"closed","ping_status":"closed","template":"","meta":{"footnotes":""},"class_list":["post-878","page","type-page","status-publish","hentry","post"],"yoast_head":"<!-- This site is optimized with the Yoast SEO plugin v27.2 - https:\/\/yoast.com\/product\/yoast-seo-wordpress\/ -->\n<title>Etiquetas - Real Hermandad de Nuestro Padre Jes\u00fas Nazareno \u00b7 Val\u00e8ncia<\/title>\n<meta name=\"robots\" content=\"index, follow, max-snippet:-1, max-image-preview:large, max-video-preview:-1\" \/>\n<link rel=\"canonical\" href=\"https:\/\/nazarenovalencia.es\/va\/eventos\/etiquetas\/\" \/>\n<meta property=\"og:locale\" content=\"en_US\" \/>\n<meta property=\"og:type\" content=\"article\" \/>\n<meta property=\"og:title\" content=\"Etiquetas - Real Hermandad de Nuestro Padre Jes\u00fas Nazareno \u00b7 Val\u00e8ncia\" \/>\n<meta property=\"og:description\" content=\"CONTENTS\" \/>\n<meta property=\"og:url\" content=\"https:\/\/nazarenovalencia.es\/va\/eventos\/etiquetas\/\" \/>\n<meta property=\"og:site_name\" content=\"Real Hermandad de Nuestro Padre Jes\u00fas Nazareno \u00b7 Val\u00e8ncia\" \/>\n<meta property=\"article:publisher\" content=\"https:\/\/www.facebook.com\/valencia.hermandadnazareno\" \/>\n<meta name=\"twitter:card\" content=\"summary_large_image\" \/>\n<meta name=\"twitter:site\" content=\"@nazarenograo\" \/>\n<script type=\"application\/ld+json\" class=\"yoast-schema-graph\">{\"@context\":\"https:\/\/schema.org\",\"@graph\":[{\"@type\":\"WebPage\",\"@id\":\"https:\/\/nazarenovalencia.es\/eventos\/etiquetas\/\",\"url\":\"https:\/\/nazarenovalencia.es\/eventos\/etiquetas\/\",\"name\":\"Etiquetas - Real Hermandad de Nuestro Padre Jes\u00fas Nazareno \u00b7 Val\u00e8ncia\",\"isPartOf\":{\"@id\":\"https:\/\/nazarenovalencia.es\/#website\"},\"datePublished\":\"2022-02-24T12:35:29+00:00\",\"breadcrumb\":{\"@id\":\"https:\/\/nazarenovalencia.es\/eventos\/etiquetas\/#breadcrumb\"},\"inLanguage\":\"va\",\"potentialAction\":[{\"@type\":\"ReadAction\",\"target\":[\"https:\/\/nazarenovalencia.es\/eventos\/etiquetas\/\"]}]},{\"@type\":\"BreadcrumbList\",\"@id\":\"https:\/\/nazarenovalencia.es\/eventos\/etiquetas\/#breadcrumb\",\"itemListElement\":[{\"@type\":\"ListItem\",\"position\":1,\"name\":\"Eventos\",\"item\":\"https:\/\/nazarenovalencia.es\/eventos\/\"},{\"@type\":\"ListItem\",\"position\":2,\"name\":\"Etiquetas\"}]},{\"@type\":\"WebSite\",\"@id\":\"https:\/\/nazarenovalencia.es\/#website\",\"url\":\"https:\/\/nazarenovalencia.es\/\",\"name\":\"Real Hermandad de Nuestro Padre Jes\u00fas Nazareno \u00b7 Val\u00e8ncia\",\"description\":\"Sitio web oficial de la Real Hermandad de Nuestro Padre Jes\u00fas Nazareno. Hermandad perteneciente a la Semana Santa Marinera de Val\u00e8ncia. Parroquia Santa Mar\u00eda del Mar. Grau \u00b7 Poblats Mar\u00edtims\",\"publisher\":{\"@id\":\"https:\/\/nazarenovalencia.es\/#organization\"},\"potentialAction\":[{\"@type\":\"SearchAction\",\"target\":{\"@type\":\"EntryPoint\",\"urlTemplate\":\"https:\/\/nazarenovalencia.es\/?s={search_term_string}\"},\"query-input\":{\"@type\":\"PropertyValueSpecification\",\"valueRequired\":true,\"valueName\":\"search_term_string\"}}],\"inLanguage\":\"va\"},{\"@type\":\"Organization\",\"@id\":\"https:\/\/nazarenovalencia.es\/#organization\",\"name\":\"Real Hermandad de Nuestro Padre Jes\u00fas Nazareno\",\"url\":\"https:\/\/nazarenovalencia.es\/\",\"logo\":{\"@type\":\"ImageObject\",\"inLanguage\":\"va\",\"@id\":\"https:\/\/nazarenovalencia.es\/#\/schema\/logo\/image\/\",\"url\":\"https:\/\/nazarenovalencia.es\/wp-content\/uploads\/2022\/01\/logo-hermandad-sevilla.png\",\"contentUrl\":\"https:\/\/nazarenovalencia.es\/wp-content\/uploads\/2022\/01\/logo-hermandad-sevilla.png\",\"width\":1920,\"height\":1080,\"caption\":\"Real Hermandad de Nuestro Padre Jes\u00fas Nazareno\"},\"image\":{\"@id\":\"https:\/\/nazarenovalencia.es\/#\/schema\/logo\/image\/\"},\"sameAs\":[\"https:\/\/www.facebook.com\/valencia.hermandadnazareno\",\"https:\/\/x.com\/nazarenograo\",\"https:\/\/www.instagram.com\/nazarenovalencia\/\",\"https:\/\/www.youtube.com\/user\/nazarenovalencia\"]}]}<\/script>\n<!-- \/ Yoast SEO plugin. -->","yoast_head_json":{"title":"Etiquetas - Real Hermandad de Nuestro Padre Jes\u00fas Nazareno \u00b7 Val\u00e8ncia","robots":{"index":"index","follow":"follow","max-snippet":"max-snippet:-1","max-image-preview":"max-image-preview:large","max-video-preview":"max-video-preview:-1"},"canonical":"https:\/\/nazarenovalencia.es\/va\/eventos\/etiquetas\/","og_locale":"en_US","og_type":"article","og_title":"Etiquetas - Real Hermandad de Nuestro Padre Jes\u00fas Nazareno \u00b7 Val\u00e8ncia","og_description":"CONTENTS","og_url":"https:\/\/nazarenovalencia.es\/va\/eventos\/etiquetas\/","og_site_name":"Real Hermandad de Nuestro Padre Jes\u00fas Nazareno \u00b7 Val\u00e8ncia","article_publisher":"https:\/\/www.facebook.com\/valencia.hermandadnazareno","twitter_card":"summary_large_image","twitter_site":"@nazarenograo","schema":{"@context":"https:\/\/schema.org","@graph":[{"@type":"WebPage","@id":"https:\/\/nazarenovalencia.es\/eventos\/etiquetas\/","url":"https:\/\/nazarenovalencia.es\/eventos\/etiquetas\/","name":"Etiquetas - Real Hermandad de Nuestro Padre Jes\u00fas Nazareno \u00b7 Val\u00e8ncia","isPartOf":{"@id":"https:\/\/nazarenovalencia.es\/#website"},"datePublished":"2022-02-24T12:35:29+00:00","breadcrumb":{"@id":"https:\/\/nazarenovalencia.es\/eventos\/etiquetas\/#breadcrumb"},"inLanguage":"va","potentialAction":[{"@type":"ReadAction","target":["https:\/\/nazarenovalencia.es\/eventos\/etiquetas\/"]}]},{"@type":"BreadcrumbList","@id":"https:\/\/nazarenovalencia.es\/eventos\/etiquetas\/#breadcrumb","itemListElement":[{"@type":"ListItem","position":1,"name":"Eventos","item":"https:\/\/nazarenovalencia.es\/eventos\/"},{"@type":"ListItem","position":2,"name":"Etiquetas"}]},{"@type":"WebSite","@id":"https:\/\/nazarenovalencia.es\/#website","url":"https:\/\/nazarenovalencia.es\/","name":"Real Hermandad de Nuestro Padre Jes\u00fas Nazareno \u00b7 Val\u00e8ncia","description":"Sitio web oficial de la Real Hermandad de Nuestro Padre Jes\u00fas Nazareno. Hermandad perteneciente a la Semana Santa Marinera de Val\u00e8ncia. Parroquia Santa Mar\u00eda del Mar. Grau \u00b7 Poblats Mar\u00edtims","publisher":{"@id":"https:\/\/nazarenovalencia.es\/#organization"},"potentialAction":[{"@type":"SearchAction","target":{"@type":"EntryPoint","urlTemplate":"https:\/\/nazarenovalencia.es\/?s={search_term_string}"},"query-input":{"@type":"PropertyValueSpecification","valueRequired":true,"valueName":"search_term_string"}}],"inLanguage":"va"},{"@type":"Organization","@id":"https:\/\/nazarenovalencia.es\/#organization","name":"Real Hermandad de Nuestro Padre Jes\u00fas Nazareno","url":"https:\/\/nazarenovalencia.es\/","logo":{"@type":"ImageObject","inLanguage":"va","@id":"https:\/\/nazarenovalencia.es\/#\/schema\/logo\/image\/","url":"https:\/\/nazarenovalencia.es\/wp-content\/uploads\/2022\/01\/logo-hermandad-sevilla.png","contentUrl":"https:\/\/nazarenovalencia.es\/wp-content\/uploads\/2022\/01\/logo-hermandad-sevilla.png","width":1920,"height":1080,"caption":"Real Hermandad de Nuestro Padre Jes\u00fas Nazareno"},"image":{"@id":"https:\/\/nazarenovalencia.es\/#\/schema\/logo\/image\/"},"sameAs":["https:\/\/www.facebook.com\/valencia.hermandadnazareno","https:\/\/x.com\/nazarenograo","https:\/\/www.instagram.com\/nazarenovalencia\/","https:\/\/www.youtube.com\/user\/nazarenovalencia"]}]}},"_links":{"self":[{"href":"https:\/\/nazarenovalencia.es\/va\/wp-json\/wp\/v2\/pages\/878","targetHints":{"allow":["GET"]}}],"collection":[{"href":"https:\/\/nazarenovalencia.es\/va\/wp-json\/wp\/v2\/pages"}],"about":[{"href":"https:\/\/nazarenovalencia.es\/va\/wp-json\/wp\/v2\/types\/page"}],"author":[{"embeddable":true,"href":"https:\/\/nazarenovalencia.es\/va\/wp-json\/wp\/v2\/users\/1"}],"replies":[{"embeddable":true,"href":"https:\/\/nazarenovalencia.es\/va\/wp-json\/wp\/v2\/comments?post=878"}],"version-history":[{"count":0,"href":"https:\/\/nazarenovalencia.es\/va\/wp-json\/wp\/v2\/pages\/878\/revisions"}],"up":[{"embeddable":true,"href":"https:\/\/nazarenovalencia.es\/va\/wp-json\/wp\/v2\/pages\/875"}],"wp:attachment":[{"href":"https:\/\/nazarenovalencia.es\/va\/wp-json\/wp\/v2\/media?parent=878"}],"curies":[{"name":"wp","href":"https:\/\/api.w.org\/{rel}","templated":true}]}}